{"id":1312,"date":"2023-08-02T08:32:26","date_gmt":"2023-08-02T08:32:26","guid":{"rendered":"https:\/\/toduba.ultimateweb.it\/?page_id=1312"},"modified":"2023-11-06T14:47:21","modified_gmt":"2023-11-06T14:47:21","slug":"privacy","status":"publish","type":"page","link":"https:\/\/toduba.ultimateweb.it\/en\/privacy\/","title":{"rendered":"Informativa Privacy"},"content":{"rendered":"[et_pb_section fb_built=&#8221;1&#8243; admin_label=&#8221;About&#8221; _builder_version=&#8221;4.21.0&#8243; _module_preset=&#8221;default&#8221; background_color=&#8221;#ecad05&#8243; background_enable_image=&#8221;off&#8221; background_size=&#8221;initial&#8221; background_position=&#8221;top_left&#8221; collapsed=&#8221;on&#8221; global_colors_info=&#8221;{%22gcid-ee37f9db-558a-4c1e-93ad-2fb984fae1ac%22:%91%22background_color%22%93}&#8221;][et_pb_row _builder_version=&#8221;4.21.0&#8243; _module_preset=&#8221;default&#8221; global_colors_info=&#8221;{}&#8221;][et_pb_column type=&#8221;4_4&#8243; _builder_version=&#8221;4.21.0&#8243; _module_preset=&#8221;default&#8221; global_colors_info=&#8221;{}&#8221;][et_pb_text _builder_version=&#8221;4.21.0&#8243; _module_preset=&#8221;9175a560-41c9-46b2-8215-7f1396ab144c&#8221; header_font=&#8221;|700|||||||&#8221; header_text_color=&#8221;#FFFFFF&#8221; header_font_size=&#8221;40px&#8221; header_line_height=&#8221;1.4em&#8221; text_orientation=&#8221;center&#8221; global_colors_info=&#8221;{}&#8221;]<h1>INFORMATIVA PER IL TRATTAMENTO DEI DATI PERSONALI<\/h1>[\/et_pb_text][\/et_pb_column][\/et_pb_row][\/et_pb_section][et_pb_section fb_built=&#8221;1&#8243; admin_label=&#8221;Approach&#8221; _builder_version=&#8221;4.20.0&#8243; _module_preset=&#8221;default&#8221; width=&#8221;100%&#8221; collapsed=&#8221;on&#8221; global_colors_info=&#8221;{}&#8221;][et_pb_row _builder_version=&#8221;4.21.0&#8243; _module_preset=&#8221;default&#8221; global_colors_info=&#8221;{}&#8221;][et_pb_column type=&#8221;4_4&#8243; _builder_version=&#8221;4.21.0&#8243; _module_preset=&#8221;default&#8221; global_colors_info=&#8221;{}&#8221;][et_pb_text _builder_version=&#8221;4.22.0&#8243; _module_preset=&#8221;default&#8221; global_colors_info=&#8221;{}&#8221;]<p>Ai sensi e per gli effetti di cui all\u2019art. 13, del Regolamento UE n. 2016\/679 relativo alla protezione delle persone fisiche con riguardo al trattamento dei dati personali, nonch\u00e9 alla libera circolazione di tali dati e che abroga la direttiva 95\/46\/CEEX ART. 13-14 REGOLAMENTO UE 679\/2016 (GDPR)<\/p>\n<p>La CLIK APP S.r.l., con sede legale in Piazza Solferino n. 20, 10121 Torino (Italy), con C.F. e P.IVA: 11821600019,in qualit\u00e0 di titolare del trattamento dei dati (in seguito \u201cTitolare\u201d), La informa, ai sensi dell\u2019art. 13 Regolamento UE 679\/2016 (in seguito \u201cGDPR\u201d), che i dati da Lei forniti sono trattati con le modalit\u00e0 e per le finalit\u00e0 di seguito descritte:<\/p>\n<h4>1. <strong>ESTREMI IDENTIFICATIVI DEL TITOLARE E DEL RESPONSABILE DELLA PROTEZIONE DEI DATI PERSONALI (DPO)<\/strong><\/h4>\n<p>Ai sensi del Regolamento, i Suoi dati personali saranno trattati da CLIK APP S.r.l., con sede legale in Piazza Solferino 20, 10121, Torino (Italy), contattabile all\u2019indirizzo<span>\u00a0<\/span><a href=\"mailto:privacy@toduba.it.\">privacy@toduba.it.<\/a><br \/>Il Responsabile della protezione dei dati personali (DPO) \u00e8 la societ\u00e0 Keplera S.r.l.<\/p>\n<h4>2. <strong>OGGETTO DEL TRATTAMENTO E TIPI DI DATI<\/strong><\/h4>\n<p>Il Titolare tratta i dati personali da Lei forniti, quali nome, cognome, ragione sociale, e-mail, numero telefonico, indirizzo IP, scelte di navigazione (in seguito \u201cDati\u201d) raccolti in occasione della navigazione sul sito web<span>\u00a0<\/span><a href=\"https:\/\/www.toduba.it\/\" target=\"_blank\" rel=\"noopener\">www.toduba.it<\/a>, nonch\u00e9 durante la comunicazione via chat per assistenza e la compilazione dei form online di richiesta di contatto ovvero di collaborazione, attraverso il Partner Program, o di candidatura e di registrazione alla piattaforma, pubblicati sul predetto sito. Tali Dati saranno utilizzati per evadere le Sue richieste. I Dati oggetto del trattamento appartengono alle seguenti categorie:<\/p>\n<ul>\n<li style=\"list-style-type: none;\">\n<ol>\n<li style=\"list-style-type: none;\">\n<ul type=\"disc\">\n<li>dati comuni, individuabili a titolo esemplificativo in nome e cognome, luogo e data di nascita, residenza, numero di telefono, e-mail, immagine della persona, dati di fatturazione;<\/li>\n<li>altri dati comuni, quali, quelli relativi alle comunicazioni elettroniche (via Internet o telefono) relativi alle comunicazioni poste in essere attraverso gli account e-mail, chat di assistenza, form e contatti telefonici, nonch\u00e9 dati relativi a profili social (es. LinkedIn, Facebook; Google);<\/li>\n<li>ove vi fosse, nelle more dell\u2019esecuzione delle attivit\u00e0 da Lei richieste, la necessit\u00e0 di trattare dati ulteriori non rientranti nella categoria sopracitata sar\u00e0 informato tempestivamente da Clik App S.r.l.<\/li>\n<\/ul>\n<\/li>\n<\/ol>\n<\/li>\n<\/ul>\n<h4>3. <strong>COOKIE E TRACCIAMENTO DEL SITO<\/strong><\/h4>\n<p>Nel rispetto della Dir. UE 2009\/136\/CE del 25\/11\/2009, il Titolare la informa che questo sito utilizza i cookie o strumenti similari per permetterci di migliorare il nostro servizio e offrire all&#8217;utente alcune utili funzionalit\u00e0. Questo pu\u00f2 includere i cookie di partner commerciali che vengono memorizzati dal computer o dal dispositivo quando si visita il nostro sito (<a href=\"https:\/\/coderblock.com\/it\/policies\/cookie\" target=\"_blank\" rel=\"noopener\">Cookie Policy<\/a>). Si prega di visitare i siti web dei nostri partner commerciali per informazioni sulla loro politica sui cookie e sulla privacy. I cookie sono piccoli file di testo che vengono trasferiti sul computer o sul dispositivo tramite il browser web per consentirci di riconoscere il browser dell&#8217;utente e ci aiutano a monitorare i visitatori del nostro sito, consentendoci cos\u00ec di comprendere meglio i prodotti e servizi che saranno pi\u00f9 adatti agli utenti. Un cookie contiene le informazioni di contatto e le informazioni utili per consentire di identificare il computer o il dispositivo quando si visita il nostro sito con lo scopo di aiutare l&#8217;utente durante le attivit\u00e0 di prenotazione e ricerca ed ottenere un\u2019esperienza d\u2019uso migliore durante la navigazione. La maggior parte dei browser web accetta automaticamente i cookie, ma, se lo si desidera, \u00e8 possibile modificare queste impostazioni del browser accettando, rifiutando ed eliminando i cookie. Se si sceglie di modificare queste impostazioni, \u00e8 possibile che determinate funzioni e funzionalit\u00e0 non operino come previsto. I cookie utilizzati non rilevano le informazioni contenute sul computer o nel dispositivo. Per ulteriori informazioni sui cookie e su come evitare che il browser li accetti, visitare il seguente sito web:<span>\u00a0<\/span><a href=\"https:\/\/www.allaboutcookies.org\/\" target=\"_blank\" rel=\"noopener\">https:\/\/www.allaboutcookies.org<\/a><\/p>\n<h4>4. <strong>BASE GIURIDICA E FINALIT\u00c0 DEL TRATTAMENTO<\/strong><\/h4>\n<p>I Suoi dati personali sono trattati, per le sole finalit\u00e0 di gestione ed evasione delle richieste effettuate, ai sensi dell\u2019art. 6.1.b del GDPR (trattamento necessario per l\u2019esecuzione di misure precontrattuali richieste dall\u2019interessato). Inoltre, a soltanto a seguito di suo esplicito consenso (art. 6.1.a del GDPR), saranno trattati per finalit\u00e0 (i) di marketing diretto, (ii) profilazione dell\u2019utente, (iii) comunicazione a terzi partner per proprie finalit\u00e0.<\/p>\n<h4>5. <strong>MODALIT\u00c0 DEL TRATTAMENTO E CONSERVAZIONE<\/strong><\/h4>\n<p>Il trattamento sar\u00e0 effettuato mediante sistemi informatici (cloud, internet, computer e dispositivi mobili) e, residualmente in modalit\u00e0 cartacea, con le modalit\u00e0 adeguate a garantirne la riservatezza e la sicurezza. I dati saranno conservati nelle banche dati del Titolare per il solo tempo strettamente necessario ad evadere la Sua richiesta, in conformit\u00e0 alla legge e secondo quanto sopra precisato, ad eccezione dei casi in cui la normativa vigente non richieda la conservazione dei dati per periodi pi\u00f9 lunghi. In caso di trattamento per le finalit\u00e0 di cui al punto 4 (i) e (ii) i dati saranno conservati al massimo per ventiquattro mesi.<\/p>\n<h4>6. <strong>NATURA DEL CONFERIMENTO DEI DATI E CONSEGUENZE DEL RIFIUTO<\/strong><\/h4>\n<p>Il conferimento dei Suoi dati \u00e8 facoltativo. Tuttavia, la mancata compilazione dei campi contrassegnati, e considerati come necessari, potr\u00e0 pregiudicare l\u2019evasione totale o parziale della richiesta effettuata, nonch\u00e9 il buon fine della registrazione al servizio e la sua erogazione.<\/p>\n<h4>7. <strong>ACCESSO AI DATI<\/strong><\/h4>\n<p>I Suoi Dati saranno trattati per le finalit\u00e0 e con le modalit\u00e0 di cui sopra da personale e\/o collaboratori del Titolare specificatamente autorizzati del trattamento e sulla base delle istruzioni ricevute, nonch\u00e9 da soggetti terzi (ad esempio, fornitori, professionisti, banche, affiliati, partener commerciali) ove svolgano attivit\u00e0 in outsourcing per conto del Titolare, nella loro qualit\u00e0 di responsabili esterni del trattamento.<\/p>\n<h4>8. <strong>COMUNICAZIONE DEI DATI<\/strong><\/h4>\n<p>Il Titolare potr\u00e0 comunicare i Suoi dati ad Enti pubblici per ottemperare agli obblighi previsti da leggi, regolamenti o dalla normativa comunitaria e nazionale, ovvero imposti dalle Autorit\u00e0, che li tratteranno nella loro qualit\u00e0 di titolari autonomi del trattamento. Potranno essere comunicati a Soggetti Terzi (ad esempio, fornitori, professionisti, partner) ove svolgano attivit\u00e0 strumentali o accessorie ai servizi richiesti e alle finalit\u00e0 di cui sopra, per conto del Titolare nella loro qualit\u00e0 di responsabili esterni del trattamento. L\u2019elenco aggiornato di tali soggetti pu\u00f2 essere richiesto al Titolare del trattamento, agli indirizzi sopra indicati. I dati, previo suo consenso, di cui al precedente punto 4 (iii), saranno comunicati a soggetti terzi, quali ad esempio aziende clienti o committenti, per le proprie finalit\u00e0 in qualit\u00e0 di titolare autonomo. In genere i fornitori di servizi prescelti operano tramite data center localizzati sul territorio dell\u2019Unione Europea. Nel caso i Suoi dati fossero oggetto di trasferimento al di fuori dello Spazio Economico Europeo (SEE), per finalit\u00e0 di gestione tecnica o statistica dei dati raccolti, questo avverr\u00e0 esclusivamente nel pieno rispetto del Regolamento UE 2016\/679, verso Paesi terzi, per i quali la Commissione europea abbia riconosciuto specifiche garanzie di adeguatezza o siano state fornite adeguate garanzie di tutela dei dati personali, per mezzo della sottoscrizione delle Clausole Contrattuali Standard approvate dalla Commissione Europea in base alle Decision 2010\/87\/EU per il trasferimento di dati personali tra Paesi UE verso PAESI non UE, indicando le ulteriori misure di sicurezza adottate, per la tutela della riservatezza dell\u2019interessato.<br \/>I dati potranno, dunque, essere comunicati a:<\/p>\n<ol>\n<ol>\n<ul type=\"disc\">\n<li>tutti i soggetti cui la facolt\u00e0 di accesso a tali dati \u00e8 riconosciuta in forza di provvedimenti normativi; ai nostri collaboratori e dipendenti;<\/li>\n<li>soggetti nominati Responsabili esterni dal Titolare per il trattamento dei dati personali;<\/li>\n<li>a tutte quelle persone fisiche e\/o giuridiche, pubbliche e\/o private quando la comunicazione risulti necessaria o funzionale alla costituzione e gestione del rapporto, nei modi e per le finalit\u00e0 sopra illustrate, in particolare a:<\/li>\n<\/ul>\n<\/ol>\n<\/ol>\n<p>&#8211; commercialista;<br \/>&#8211; consulenti legali;<br \/>&#8211; consulenti del lavoro;<br \/>&#8211; partner commerciali;<br \/>&#8211; fornitori;<br \/>&#8211; istituti bancari;<br \/>&#8211; istituzioni pubbliche;<br \/>&#8211; incaricati dell\u2019attivit\u00e0 amministrativa.<\/p>\n<h4>9. <strong>DIRITTI DELL\u2019INTERESSATO<\/strong><\/h4>\n<p>In ogni momento potr\u00e0 esercitare i Suoi diritti nei confronti del titolare del trattamento, ai sensi dell&#8217;artt.15- 22 del Regolamento UE 2016\/679, ed in particolare i diritti di accesso, rettifica, integrazione e, nei casi consentiti la portabilit\u00e0 dei dati conferiti, oltre ad ottenere la cancellazione, la limitazione o l\u2019opposizione al trattamento dei Dati per motivi legittimi e di opporsi al processo decisionale automatizzato, inclusa la profilazione, nonch\u00e9 il diritto di reclamo all\u2019Autorit\u00e0 Garante. I suddetti diritti possono essere esercitati inviando una e-mail al Titolare all\u2019indirizzo<span>\u00a0<\/span><a href=\"mailto:privacy@toduba.it.\">privacy@toduba.it.<\/a><span>\u00a0<\/span>Al fine di garantire la protezione delle informazioni personali dell\u2019interessato, potremmo aver bisogno di richiedere ulteriori informazioni specifiche, che confermino l&#8217;identit\u00e0 dell\u2019interessato richiedente e garantirne cos\u00ec il diritto di accesso alle informazioni (o a esercitare uno qualsiasi degli altri diritti) solamente a persone aventi il diritto di ricevere tali comunicazioni. Si tratta di un&#8217;altra misura di sicurezza idonea alla protezione dei dati personali. La richiesta di accesso alle proprie informazioni personali (o per esercitare uno dei diritti sopraindicati) \u00e8 gratuito. Tuttavia, se la richiesta fosse chiaramente infondata o eccessiva potremmo addebitare un contributo spese ragionevole tenendo conto dei costi amministrativi sostenuti per fornire le informazioni oppure rifiutarci di soddisfare la richiesta in tali circostanze.<\/p>\n<h4>10. AGGIORNAMENTO DELL&#8217;INFORMATIVA<\/h4>\n<p>Clik App S.r.l. manterr\u00e0 la presente informativa costantemente aggiornata e sar\u00e0 sua cura pubblicare sui siti web interessati l&#8217;informativa aggiornata.<\/p>[\/et_pb_text][\/et_pb_column][\/et_pb_row][\/et_pb_section]","protected":false},"excerpt":{"rendered":"<p>INFORMATIVA PER IL TRATTAMENTO DEI DATI PERSONALIAi sensi e per gli effetti di cui all\u2019art. 13, del Regolamento UE n. 2016\/679 relativo alla protezione delle persone fisiche con riguardo al trattamento dei dati personali, nonch\u00e9 alla libera circolazione di tali dati e che abroga la direttiva 95\/46\/CEEX ART. 13-14 REGOLAMENTO UE 679\/2016 (GDPR) La CLIK [&hellip;]<\/p>","protected":false},"author":2,"featured_media":0,"parent":0,"menu_order":0,"comment_status":"closed","ping_status":"closed","template":"","meta":{"_et_pb_use_builder":"on","_et_pb_old_content":"","_et_gb_content_width":"","footnotes":""},"_links":{"self":[{"href":"https:\/\/toduba.ultimateweb.it\/en\/wp-json\/wp\/v2\/pages\/1312"}],"collection":[{"href":"https:\/\/toduba.ultimateweb.it\/en\/wp-json\/wp\/v2\/pages"}],"about":[{"href":"https:\/\/toduba.ultimateweb.it\/en\/wp-json\/wp\/v2\/types\/page"}],"author":[{"embeddable":true,"href":"https:\/\/toduba.ultimateweb.it\/en\/wp-json\/wp\/v2\/users\/2"}],"replies":[{"embeddable":true,"href":"https:\/\/toduba.ultimateweb.it\/en\/wp-json\/wp\/v2\/comments?post=1312"}],"version-history":[{"count":0,"href":"https:\/\/toduba.ultimateweb.it\/en\/wp-json\/wp\/v2\/pages\/1312\/revisions"}],"wp:attachment":[{"href":"https:\/\/toduba.ultimateweb.it\/en\/wp-json\/wp\/v2\/media?parent=1312"}],"curies":[{"name":"wp","href":"https:\/\/api.w.org\/{rel}","templated":true}]}}