{"id":1316,"date":"2023-08-02T08:36:42","date_gmt":"2023-08-02T08:36:42","guid":{"rendered":"https:\/\/toduba.ultimateweb.it\/?page_id=1316"},"modified":"2023-11-06T14:46:29","modified_gmt":"2023-11-06T14:46:29","slug":"cookie-policy","status":"publish","type":"page","link":"https:\/\/toduba.ultimateweb.it\/en\/cookie-policy\/","title":{"rendered":"Informativa Cookie"},"content":{"rendered":"[et_pb_section fb_built=&#8221;1&#8243; admin_label=&#8221;About&#8221; _builder_version=&#8221;4.21.0&#8243; _module_preset=&#8221;default&#8221; background_color=&#8221;#ecad05&#8243; background_enable_image=&#8221;off&#8221; background_size=&#8221;initial&#8221; background_position=&#8221;top_left&#8221; collapsed=&#8221;on&#8221; global_colors_info=&#8221;{%22gcid-ee37f9db-558a-4c1e-93ad-2fb984fae1ac%22:%91%22background_color%22%93}&#8221;][et_pb_row _builder_version=&#8221;4.21.0&#8243; _module_preset=&#8221;default&#8221; global_colors_info=&#8221;{}&#8221;][et_pb_column type=&#8221;4_4&#8243; _builder_version=&#8221;4.21.0&#8243; _module_preset=&#8221;default&#8221; global_colors_info=&#8221;{}&#8221;][et_pb_text _builder_version=&#8221;4.21.0&#8243; _module_preset=&#8221;9175a560-41c9-46b2-8215-7f1396ab144c&#8221; header_font=&#8221;|700|||||||&#8221; header_text_color=&#8221;#FFFFFF&#8221; header_font_size=&#8221;40px&#8221; header_line_height=&#8221;1.4em&#8221; text_orientation=&#8221;center&#8221; global_colors_info=&#8221;{}&#8221;]<h1>COOKIE POLICY<\/h1>[\/et_pb_text][\/et_pb_column][\/et_pb_row][\/et_pb_section][et_pb_section fb_built=&#8221;1&#8243; admin_label=&#8221;Approach&#8221; _builder_version=&#8221;4.20.0&#8243; _module_preset=&#8221;default&#8221; width=&#8221;100%&#8221; collapsed=&#8221;on&#8221; global_colors_info=&#8221;{}&#8221;][et_pb_row _builder_version=&#8221;4.21.0&#8243; _module_preset=&#8221;default&#8221; global_colors_info=&#8221;{}&#8221;][et_pb_column type=&#8221;4_4&#8243; _builder_version=&#8221;4.21.0&#8243; _module_preset=&#8221;default&#8221; global_colors_info=&#8221;{}&#8221;][et_pb_text _builder_version=&#8221;4.22.0&#8243; _module_preset=&#8221;default&#8221; custom_padding=&#8221;||0px|||&#8221; global_colors_info=&#8221;{}&#8221;]<p>La nostra Cookie Policy ha l\u2019intento di descrivere le tipologie di cookie utilizzati dalla nostra applicazione https:\/\/toduba.ultimateweb.it\/ (di seguito \u201cApplicazione\u201d), le finalit\u00e0, la durata e le modalit\u00e0 con cui l\u2019Utente pu\u00f2 gestire i cookie presenti.\u2028Ai sensi del Regolamento, i Suoi dati personali saranno trattati da CLIK APP S.r.l., con sede legale in Via Principe Tommaso n. 18 bis, Torino (Italy), contattabile all\u2019indirizzo<a href=\"\/en\/privacy@toduba.it\/\"> privacy@toduba.it<\/a>.<br \/>Il Responsabile della protezione dei dati personali (DPO) \u00e8 la societ\u00e0 Keplera S.r.l.<\/p>\n<p>1. COSA SONO I COOKIE\u2028I cookie sono stringhe di testo di piccole dimensioni che vengono memorizzate sul dispositivo dell\u2019Utente quando naviga in rete. I cookie hanno lo scopo di raccogliere e memorizzare informazioni relative all\u2019Utente al fine di rendere l\u2019Applicazione pi\u00f9 semplice, pi\u00f9 veloce e pi\u00f9 aderente alle sue richieste.\u2028Con il termine cookie si vuol far riferimento sia agli stessi cookie sia a tutte le tecnologie similari.\u2028L\u2019Utente pu\u00f2 bloccare i cookie, eliminarli o disattivarli nelle impostazioni del dispositivo o del browser come di seguito indicato nel paragrafo relativo a \u201cGestione dei cookie\u201d.<\/p>\n<p>2. TIPOLOGIE DI COOKIE USATI DA QUESTA APPLICAZIONE\u2028Questa Applicazione usa i seguenti cookie:\u2028\u2013 Cookie tecnici di prima parte: sono cookie che appartengono al CLIK APP S.r.l proprietaria dell\u2019Applicazione e che raccolgono dati dell\u2019Utente accessibili solo al CLIK APP S.r.l. L\u2019Applicazione usa questi cookie per svolgere attivit\u00e0 strettamente necessarie al funzionamento dell\u2019Applicazione e all\u2019erogazione del servizio o per raccogliere informazioni, in forma aggregata e anonima, per finalit\u00e0 statistiche. Questi cookie non profilano l\u2019Utente. Per l\u2019uso di questi cookie non \u00e8 richiesto il consenso dell\u2019Utente.\u2028\u2013 Non viene fatto uso di cookie di terza parte.<\/p>\n<p>3. DURATA DEI COOKIE\u2028I cookie hanno una durata dettata dalla data di scadenza o da un\u2019azione specifica, come la chiusura del browser impostata al momento dell\u2019installazione. I cookie possono essere:\u2028o temporanei o di sessione: sono utilizzati per archiviare informazioni temporanee, consentono di collegare le azioni eseguite durante una sessione specifica e vengono rimossi dal dispositivo dell\u2019Utente alla chiusura del browser;\u2028o persistenti: sono utilizzati per archiviare informazioni, ad esempio il nome e la password di accesso, in modo da evitare che l\u2019Utente debba digitarli nuovamente ogni volta che visita un sito specifico. Questi rimangono memorizzati nel dispositivo dell\u2019Utente anche dopo aver chiuso il browser.<\/p>\n<p>4. GESTIONE DEI COOKIE\u2028L\u2019Utente pu\u00f2 gestire le preferenze relative ai cookie direttamente all\u2019interno del proprio browser ed impedire che terze parti possano installare i cookies. Tramite le preferenze del browser \u00e8 inoltre possibile eliminare i cookie installati in passato, incluso il cookie in cui \u00e8 stato eventualmente salvato il consenso. Disabilitando tutti i cookie, il funzionamento di questa Applicazione potrebbe risultare compromesso.\u2028L\u2019Utente pu\u00f2 cancellare tutti i cookie presenti sul suo dispositivo semplicemente selezionando, sul proprio browser, le impostazioni che consentono di rifiutarli. Ogni browser ha specifiche istruzioni di configurazione che possono essere trovati sul sito internet del fornitore del browser ai seguenti link:\u2028<br \/>\u2013 Appie Safari:\u00a0<a href=\"https:\/\/support.apple.com\/it-itlguide\/safari\/manage-cookies-and-website-data-sfri11471%20\/\" target=\"_blank\" rel=\"noopener\">https:\/\/support.apple.com\/it-itlguide\/safari\/manage-cookies-and-website-data-sfri11471 \/<\/a><br \/>\u2028\u2013 Google Chrome:\u00a0https:\/\/support.google.com\/chrome\/answer\/95647\u2028\u2013 Mozilla Firefox:\u00a0https:\/\/support.mozilla.org\/kb\/enable-and-disable-cookies-website-preferences\u2028\u2013 Internet Explorer:\u00a0<a href=\"http:\/\/windows.microsoft.com\/internet-explorer\/delete-manage-cookies\" target=\"_blank\" rel=\"noopener\">http:\/\/windows.microsoft.com\/internet-explorer\/delete-manage-cookies\u2028<\/a><br \/>\u2013 Microsoft Edge\u00a0<a href=\"https:\/\/support.microsoft.com\/it-itlhel%20p\/4027947 \/microsoft-edge-delete-cookies\u2028\" target=\"_blank\" rel=\"noopener\">https:\/\/support.microsoft.com\/it-itlhel p\/4027947 \/microsoft-edge-delete-cookies\u2028<\/a><br \/>\u2013 Opera:\u00a0<a href=\"https:\/\/www.opera.com\/help\/tutorials\/security\/privacy\" target=\"_blank\" rel=\"noopener\">https:\/\/www.opera.com\/help\/tutorials\/security\/privacy<\/a>\/<br \/>Inoltre si pu\u00f2 procedere alla cancellazione dei cookie di terze parti chiedendo l\u2019opt-out direttamente alle terze parti o tramite il sito <a href=\"http:\/\/www.youronlinechoices.com\" target=\"_blank\" rel=\"noopener\">http:\/\/www.youronlinechoices.com<\/a>, dove \u00e8 possibile gestire le preferenze di tracciamento della maggior parte degli strumenti pubblicitari.<\/p>\n<p>5.\u00a0DIRITTI DELL\u2019UTENTE\u2028Gli Utenti possono esercitare determinati diritti con riferimento ai dati personali trattati da CLIK APP S.r.l. In particolare, l\u2019Utente ha il diritto di:\u2028\u2013 revocare il consenso in ogni momento;\u2028\u2013 opporsi al trattamento dei propri dati personali;\u2028\u2013 accedere ai propri dati personali;\u2028\u2013 verificare e chiedere la rettificazione;\u2028\u2013 ottenere la limitazione del trattamento;\u2028\u2013 ottenere la cancellazione o rimozione dei propri dati personali;\u2028\u2013 ricevere i propri dati personali o farli trasferire ad altro titolare;\u2028\u2013 proporre reclamo all\u2019autorit\u00e0 di controllo della protezione dei dati personali e\/o agire in sede giudiziale.<br \/>Per esercitare tali diritti, scrivere a CLIK APP S.r.l:\u00a0<a href=\"mailto:privacy@toduba.it\">privacy@toduba.it\u2028<\/a><br \/>Le richieste sono effettuate a titolo gratuito ed evase da CLIK APP S.r.l nel pi\u00f9 breve tempo possibile, in ogni caso entro 30 giorni.<\/p>\n<p>Le ulteriori informazioni riguardo al trattamento dei dati personali si possono trovare nell\u2019informativa privacy al seguente link\u00a0<a href=\"https:\/\/www.toduba.it\/index.php\/privacy\/\" target=\"_blank\" rel=\"noopener\">https:\/\/www.toduba.it\/privacy\/<\/a><\/p>[\/et_pb_text][\/et_pb_column][\/et_pb_row][\/et_pb_section]","protected":false},"excerpt":{"rendered":"<p>COOKIE POLICYLa nostra Cookie Policy ha l\u2019intento di descrivere le tipologie di cookie utilizzati dalla nostra applicazione https:\/\/toduba.ultimateweb.it\/ (di seguito \u201cApplicazione\u201d), le finalit\u00e0, la durata e le modalit\u00e0 con cui l\u2019Utente pu\u00f2 gestire i cookie presenti.\u2028Ai sensi del Regolamento, i Suoi dati personali saranno trattati da CLIK APP S.r.l., con sede legale in Via Principe [&hellip;]<\/p>","protected":false},"author":2,"featured_media":0,"parent":0,"menu_order":0,"comment_status":"closed","ping_status":"closed","template":"","meta":{"_et_pb_use_builder":"on","_et_pb_old_content":"","_et_gb_content_width":"","footnotes":""},"_links":{"self":[{"href":"https:\/\/toduba.ultimateweb.it\/en\/wp-json\/wp\/v2\/pages\/1316"}],"collection":[{"href":"https:\/\/toduba.ultimateweb.it\/en\/wp-json\/wp\/v2\/pages"}],"about":[{"href":"https:\/\/toduba.ultimateweb.it\/en\/wp-json\/wp\/v2\/types\/page"}],"author":[{"embeddable":true,"href":"https:\/\/toduba.ultimateweb.it\/en\/wp-json\/wp\/v2\/users\/2"}],"replies":[{"embeddable":true,"href":"https:\/\/toduba.ultimateweb.it\/en\/wp-json\/wp\/v2\/comments?post=1316"}],"version-history":[{"count":0,"href":"https:\/\/toduba.ultimateweb.it\/en\/wp-json\/wp\/v2\/pages\/1316\/revisions"}],"wp:attachment":[{"href":"https:\/\/toduba.ultimateweb.it\/en\/wp-json\/wp\/v2\/media?parent=1316"}],"curies":[{"name":"wp","href":"https:\/\/api.w.org\/{rel}","templated":true}]}}