{"id":1754,"date":"2023-10-31T11:16:33","date_gmt":"2023-10-31T11:16:33","guid":{"rendered":"https:\/\/toduba.ultimateweb.it\/?page_id=1754"},"modified":"2024-06-04T09:45:18","modified_gmt":"2024-06-04T09:45:18","slug":"governance","status":"publish","type":"page","link":"https:\/\/toduba.ultimateweb.it\/en\/governance\/","title":{"rendered":"Governance"},"content":{"rendered":"<p>[et_pb_section fb_built=&#8221;1&#8243; admin_label=&#8221;About&#8221; _builder_version=&#8221;4.21.0&#8243; _module_preset=&#8221;default&#8221; background_color=&#8221;#ecad05&#8243; background_enable_image=&#8221;off&#8221; background_size=&#8221;initial&#8221; background_position=&#8221;top_left&#8221; collapsed=&#8221;on&#8221; global_colors_info=&#8221;{%22gcid-ee37f9db-558a-4c1e-93ad-2fb984fae1ac%22:%91%22background_color%22%93}&#8221;][et_pb_row _builder_version=&#8221;4.21.0&#8243; _module_preset=&#8221;default&#8221; global_colors_info=&#8221;{}&#8221;][et_pb_column type=&#8221;4_4&#8243; _builder_version=&#8221;4.21.0&#8243; _module_preset=&#8221;default&#8221; global_colors_info=&#8221;{}&#8221;][et_pb_text _builder_version=&#8221;4.22.0&#8243; _module_preset=&#8221;9175a560-41c9-46b2-8215-7f1396ab144c&#8221; header_font=&#8221;|700|||||||&#8221; header_text_color=&#8221;#FFFFFF&#8221; header_font_size=&#8221;40px&#8221; header_line_height=&#8221;1.4em&#8221; text_orientation=&#8221;center&#8221; text_text_shadow_style=&#8221;preset5&#8243; global_colors_info=&#8221;{}&#8221;]<\/p>\n<h1 style=\"text-align: center;\"><b>Governance<\/b><\/h1>\n<p>[\/et_pb_text][\/et_pb_column][\/et_pb_row][\/et_pb_section][et_pb_section fb_built=&#8221;1&#8243; admin_label=&#8221;Approach&#8221; _builder_version=&#8221;4.22.0&#8243; _module_preset=&#8221;default&#8221; width=&#8221;100%&#8221; custom_padding=&#8221;||2px|||&#8221; collapsed=&#8221;on&#8221; global_colors_info=&#8221;{}&#8221;][et_pb_row column_structure=&#8221;1_2,1_2&#8243; _builder_version=&#8221;4.22.0&#8243; _module_preset=&#8221;default&#8221; global_colors_info=&#8221;{}&#8221;][et_pb_column type=&#8221;1_2&#8243; _builder_version=&#8221;4.22.0&#8243; _module_preset=&#8221;default&#8221; global_colors_info=&#8221;{}&#8221;][et_pb_text _builder_version=&#8221;4.24.2&#8243; _module_preset=&#8221;default&#8221; text_font_size=&#8221;18px&#8221; text_line_height=&#8221;1.8em&#8221; header_text_color=&#8221;#ac1833&#8243; min_height=&#8221;989px&#8221; custom_margin=&#8221;||37px|||&#8221; custom_padding=&#8221;17px|30px|0px|32px|false|false&#8221; border_radii=&#8221;on|30px|30px|30px|30px&#8221; border_width_all=&#8221;2px&#8221; global_colors_info=&#8221;{}&#8221;]<\/p>\n<h2><strong>Codice Etico<\/strong><\/h2>\n<p>Benvenuti nel documento pi\u00f9 importante di Clik App: il nostro <strong>Codice Etico<\/strong>. Il Codice Etico esprime gli impegni e le responsabilit\u00e0 etiche nella conduzione degli affari e delle attivit\u00e0 aziendali e definisce <strong>l\u2019insieme dei valori e dei principi, nonch\u00e9 le linee di comportamento<\/strong> cui devono attenersi gli amministratori, i dipendenti, i collaboratori e tutti coloro che operano per il conseguimento degli obiettivi di Clik App.<\/p>\n<p>L\u2019osservanza delle norme in esso contenute \u00e8 imprescindibile per il corretto funzionamento, l\u2019affidabilit\u00e0, la reputazione e l\u2019immagine di Clik App, fattori che costituiscono un patrimonio decisivo per il successo aziendale, coerente con i<strong> principi di legalit\u00e0 e di responsabilit\u00e0 sociale<\/strong>. I nostri principi etici mostrano alle persone cosa possono aspettarsi da noi e contribuiscono alla crescita della <strong>nostra reputazione di azienda etica, affidabile, rispettata<\/strong> e rafforzano il nostro intento comune di <strong>dare un contributo per costruire un mondo migliore.<\/strong><\/p>\n<p>Scopri di pi\u00f9 sul<strong> Codice Etico:<\/strong><\/p>\n<p><a href=\"chrome-extension:\/\/efaidnbmnnnibpcajpcglclefindmkaj\/https:\/\/toduba.ultimateweb.it\/wp-content\/uploads\/2023\/08\/codice-etico.pdf\"><\/a><span style=\"color: #333333;\"><strong><a href=\"https:\/\/toduba.ultimateweb.it\/wp-content\/uploads\/2023\/08\/codice-etico.pdf\" style=\"color: #333333;\" target=\"_blank\" rel=\"noopener\" title=\"Codice Etico\"><img decoding=\"async\" src=\"https:\/\/toduba.ultimateweb.it\/wp-content\/uploads\/2024\/01\/pitto-toduba.png\" width=\"36\" height=\"44\" alt=\"\" class=\"wp-image-2238 alignnone size-full\" title=\"\"><span style=\"color: #666666;\">SCARICA PDF<\/span><\/a><\/strong><\/span><\/p>\n<p><span style=\"color: #333333;\"><strong><\/strong><\/span><\/p>\n<p>[\/et_pb_text][et_pb_image src=&#8221;https:\/\/toduba.ultimateweb.it\/wp-content\/uploads\/2024\/01\/i-membri-dei-sindacati-lavorano-insieme-1024&#215;683.jpg&#8221; alt=&#8221;collaborazione persone felici azienda toduba&#8221; title_text=&#8221;collaborazione persone felici azienda toduba&#8221; _builder_version=&#8221;4.24.2&#8243; _module_preset=&#8221;default&#8221; min_height=&#8221;243.1px&#8221; custom_margin=&#8221;||-21px|||&#8221; hover_enabled=&#8221;0&#8243; border_radii=&#8221;on|30px|30px|30px|30px&#8221; global_colors_info=&#8221;{}&#8221; sticky_enabled=&#8221;0&#8243;][\/et_pb_image][\/et_pb_column][et_pb_column type=&#8221;1_2&#8243; _builder_version=&#8221;4.22.0&#8243; _module_preset=&#8221;default&#8221; global_colors_info=&#8221;{}&#8221;][et_pb_text _builder_version=&#8221;4.24.2&#8243; _module_preset=&#8221;default&#8221; text_font_size=&#8221;18px&#8221; text_line_height=&#8221;1.8em&#8221; min_height=&#8221;773.5px&#8221; custom_margin=&#8221;||30px|||&#8221; custom_padding=&#8221;17px|23px|14px|32px|false|false&#8221; hover_enabled=&#8221;0&#8243; border_radii=&#8221;on|30px|30px|30px|30px&#8221; border_width_all=&#8221;2px&#8221; global_colors_info=&#8221;{}&#8221; sticky_enabled=&#8221;0&#8243;]<\/p>\n<h2><strong>Modello 231<\/strong><\/h2>\n<p><strong>Nel 2023 il CDA di Clik App Srl <\/strong>ha deliberato l\u2019adozione di un proprio <strong>Modello di Organizzazione, Gestione e Controllo<\/strong> ex d.lgs. 231\/2001 (di seguito Modello 231), al fine di assicurare la prevenzione dei reati contemplati nel Decreto stesso.<\/p>\n<p><strong>Parte integrante<\/strong> del Modello 231 sono il Codice Etico che definisce con chiarezza e trasparenza l\u2019insieme dei valori ai quali ci ispiriamo ed \u00e8 stato predisposto per stabilire chiare regole di comportamento per lo svolgimento dell\u2019attivit\u00e0 professionale, e il <span>sistema di gestione delle segnalazioni di violazioni (<\/span><i>Whistleblowing<\/i><span>)<\/span><\/p>\n<p><strong><\/strong><\/p>\n<p>Contestualmente all\u2019adozione del Modello 231, \u00e8 stato istituito un <strong>Organismo di Vigilanza<\/strong> (\u00abOdV\u00bb)<em>link approfondimento a sito autorevole<\/em>, dotato di autonomi poteri di iniziativa e di controllo, preposto a vigilare sul funzionamento e sull&#8217;osservanza del Modello 231 e a promuoverne il suo costante aggiornamento.<\/p>\n<p>Scopri di pi\u00f9 sul<strong> Modello 231<\/strong>:<\/p>\n<p><a href=\"https:\/\/toduba.ultimateweb.it\/wp-content\/uploads\/2024\/01\/CLIK-APP_MOG-231_PARTE-GENERALE_DEF-1.pdf\" target=\"_blank\" rel=\"noopener\" title=\"Toduba Mog_231 parte generale\"><strong>\u00a0\u00a0<\/strong><\/a><img decoding=\"async\" src=\"https:\/\/toduba.ultimateweb.it\/wp-content\/uploads\/2024\/01\/pitto-toduba.png\" width=\"32\" height=\"40\" alt=\"\" class=\"wp-image-2238 alignnone size-full\" title=\"\"> <span style=\"color: #666666;\"><a href=\"https:\/\/toduba.ultimateweb.it\/wp-content\/uploads\/2024\/01\/CLIK-APP_MOG-231_PARTE-GENERALE_DEF-1.pdf\" target=\"_blank\" rel=\"noopener\" title=\"Toduba Mog_231 parte generale\" style=\"color: #666666;\"><strong>SCARICA PDF<\/strong><\/a><\/span><\/p>\n<p><strong><span style=\"text-decoration: underline;\"><img decoding=\"async\" src=\"https:\/\/toduba.ultimateweb.it\/wp-content\/uploads\/2023\/10\/book-sito-300x211.png\" width=\"53\" height=\"37\" alt=\"libro conoscenza autorevole sito istitituzionale toduba marketing governance\" class=\"wp-image-1995 size-medium\" title=\"\"><\/span> \u00a0<span style=\"color: #666666;\"><a href=\"https:\/\/www.normattiva.it\/uri-res\/N2Ls?urn:nir:stato:decreto.legislativo:2001-06-08;231!vig=\" style=\"color: #666666;\" target=\"_blank\" rel=\"noopener\">LINK AUTOREVOLE<\/a><\/span><\/strong><\/p>\n<p>[\/et_pb_text][et_pb_image src=&#8221;https:\/\/toduba.ultimateweb.it\/wp-content\/uploads\/2024\/01\/costruttore-femminile-di-vista-frontale-in-camicia-nera-del-casco-giallo-che-mostra-il-segno-del-cuore-sulla-parete-bianca-1024&#215;683.jpg&#8221; alt=&#8221;sicurezza toduba app&#8221; title_text=&#8221;sicurezza toduba app&#8221; _builder_version=&#8221;4.24.2&#8243; _module_preset=&#8221;default&#8221; min_height=&#8221;346.7px&#8221; custom_margin=&#8221;5px|||||&#8221; custom_padding=&#8221;||6px|||&#8221; hover_enabled=&#8221;0&#8243; border_radii=&#8221;on|30px|30px|30px|30px&#8221; global_colors_info=&#8221;{}&#8221; sticky_enabled=&#8221;0&#8243;][\/et_pb_image][\/et_pb_column][\/et_pb_row][\/et_pb_section][et_pb_section fb_built=&#8221;1&#8243; _builder_version=&#8221;4.22.0&#8243; _module_preset=&#8221;default&#8221; custom_padding=&#8221;0px|||||&#8221; global_colors_info=&#8221;{}&#8221;][et_pb_row column_structure=&#8221;1_2,1_2&#8243; _builder_version=&#8221;4.22.0&#8243; _module_preset=&#8221;default&#8221; width=&#8221;78.8%&#8221; global_colors_info=&#8221;{}&#8221;][et_pb_column type=&#8221;1_2&#8243; _builder_version=&#8221;4.22.0&#8243; _module_preset=&#8221;default&#8221; global_colors_info=&#8221;{}&#8221;][et_pb_text _builder_version=&#8221;4.24.2&#8243; _module_preset=&#8221;default&#8221; text_font_size=&#8221;18px&#8221; text_line_height=&#8221;1.8em&#8221; min_height=&#8221;1088.7px&#8221; custom_padding=&#8221;17px|19px|11px|32px|false|false&#8221; border_radii=&#8221;on|30px|30px|30px|30px&#8221; border_width_all=&#8221;2px&#8221; global_colors_info=&#8221;{}&#8221;]<\/p>\n<h2><strong>Privacy Policy<\/strong><\/h2>\n<p><strong>Il regolamento europeo<\/strong> prevede che, in base alle finalit\u00e0 del trattamento, il titolare debba fornire agli interessati, prima del trattamento, le informazioni richieste dalle norme (art. 13<span>\u00a0Regolamento UE 679\/2016,<\/span> GDPR). Ci\u00f2 avviene tramite l&#8217;informativa.<\/p>\n<p><strong>L&#8217;informativa \u00e8 una comunicazione rivolta all&#8217;interessato<\/strong> che ha lo scopo di rendere edotto il cittadino, anche prima che diventi interessato (cio\u00e8 prima che inizi il trattamento), sulle finalit\u00e0 e le modalit\u00e0 dei trattamenti operati dal titolare del trattamento, Essa \u00e8 condizione del dovere del titolare del trattamento di <strong>assicurare la trasparenza e correttezza dei trattamenti<\/strong> fin dalla fase di progettazione degli stessi, e di essere in grado di comprovarlo in qualunque momento.<\/p>\n<p>L&#8217;informativa ha anche lo scopo di permettere che l&#8217;interessato possa rendere un valido consenso, se richiesto come base giuridica del trattamento. In questo caso l&#8217;informativa non \u00e8 solo dovuta in base al <strong>principio di trasparenza e correttezza<\/strong>, ma \u00e8 anche una condizione di legittimit\u00e0 del trattamento.<\/p>\n<p><strong>Scopri di pi\u00f9:<\/strong><\/p>\n<p><a href=\"https:\/\/toduba.ultimateweb.it\/index.php\/privacy\/\"><span style=\"color: #333333;\"><strong>\u00a0\u00a0<\/strong><\/span><\/a><img decoding=\"async\" src=\"https:\/\/toduba.ultimateweb.it\/wp-content\/uploads\/2024\/01\/pitto-toduba.png\" width=\"32\" height=\"40\" alt=\"\" class=\"wp-image-2238 alignnone size-full\" title=\"\"><span style=\"color: #666666;\"> <a href=\"https:\/\/toduba.ultimateweb.it\/index.php\/privacy\/\" style=\"color: #666666;\"><strong>L<\/strong><\/a><a href=\"https:\/\/toduba.ultimateweb.it\/index.php\/privacy\/\" style=\"color: #666666;\" target=\"_blank\" rel=\"noopener\"><strong>INK ALLA PAGINA<\/strong><\/a><\/span><\/p>\n<p><img decoding=\"async\" src=\"https:\/\/toduba.ultimateweb.it\/wp-content\/uploads\/2023\/10\/book-sito-300x211.png\" width=\"54\" height=\"38\" alt=\"libro conoscenza autorevole sito istitituzionale toduba marketing governance\" class=\"wp-image-1995 size-medium\" title=\"\">\u00a0 <span style=\"color: #666666;\"><a href=\"https:\/\/www.garanteprivacy.it\/home\/docweb\/-\/docweb-display\/docweb\/36573\" style=\"color: #666666;\" target=\"_blank\" rel=\"noopener\"><strong>LINK AUTOREVOLE<\/strong><\/a><\/span><\/p>\n<p>[\/et_pb_text][et_pb_image src=&#8221;https:\/\/toduba.ultimateweb.it\/wp-content\/uploads\/2024\/01\/ritratto-di-una-coppia-caucasica-positiva-in-abiti-colorati-che-sorride-e-tiene-in-mano-i-cellulari-in-piedi-di-schiena-isolati-scaled.jpg&#8221; alt=&#8221;privacy policy toduba azienda app welfare&#8221; title_text=&#8221;Portrait of positive caucasian couple in colorful clothing smili&#8221; _builder_version=&#8221;4.23.4&#8243; _module_preset=&#8221;default&#8221; min_height=&#8221;345.3px&#8221; border_radii=&#8221;on|30px|30px|30px|30px&#8221; global_colors_info=&#8221;{}&#8221;][\/et_pb_image][\/et_pb_column][et_pb_column type=&#8221;1_2&#8243; _builder_version=&#8221;4.22.0&#8243; _module_preset=&#8221;default&#8221; global_colors_info=&#8221;{}&#8221;][et_pb_text _builder_version=&#8221;4.24.2&#8243; _module_preset=&#8221;default&#8221; text_font_size=&#8221;18px&#8221; text_line_height=&#8221;1.8em&#8221; min_height=&#8221;836px&#8221; custom_padding=&#8221;17px|19px|16px|32px|false|false&#8221; border_radii=&#8221;on|30px|30px|30px|30px&#8221; border_width_all=&#8221;2px&#8221; global_colors_info=&#8221;{}&#8221;]<\/p>\n<h2><strong>Segnalazioni<\/strong><\/h2>\n<p>Il <strong>Whistleblowing<\/strong> \u00e8 un fondamentale strumento di compliance aziendale, tramite il quale i dipendenti oppure terze parti (per esempio un fornitore o un cliente) di un\u2019azienda possono segnalare, <strong>in modo riservato e protetto<\/strong>, eventuali illeciti riscontrati durante la propria attivit\u00e0.<\/p>\n<p>Whistleblower in inglese significa \u201csoffiatore di fischietto\u201d: il termine \u00e8 una metafora del ruolo di arbitro o di poliziotto assunto da chi richiama e richiede l\u2019attenzione su attivit\u00e0 non consentite, ovvero illegali, affinch\u00e9 vengano fermate.<br \/>Il \u201c<strong>whistleblower<\/strong>\u201d (segnalatore o segnalante, in italiano) \u00e8 quindi una persona che lavora in un&#8217;azienda (pubblica o privata) che decide di segnalare un illecito, una frode o un pericolo che ha rilevato durante la sua attivit\u00e0 lavorativa (o, nel caso di un cliente, nel corso della sua esperienza di cliente di un\u2019azienda).<\/p>\n<p>Di conseguenza il whistleblowing \u00e8 <strong>la pratica per segnalare violazioni di leggi o regolamenti, reati e casi di corruzione o frode, oltre a situazioni di pericolo per la salute e la sicurezza pubblica.<\/strong><\/p>\n<p><strong>Scopri di pi\u00f9:<\/strong><\/p>\n<p style=\"text-align: justify;\"><strong><\/strong>\u00a0 <a href=\"https:\/\/toduba.ultimateweb.it\/wp-content\/uploads\/2024\/06\/Policy-Whistleblowing-ID-10334.pdf\" target=\"_blank\" rel=\"noopener\"><img decoding=\"async\" src=\"https:\/\/toduba.ultimateweb.it\/wp-content\/uploads\/2024\/01\/pitto-toduba.png\" width=\"32\" height=\"40\" alt=\"\" class=\"wp-image-2238 alignnone size-full\" title=\"\"><span style=\"color: #666666;\"><strong> POLICY WHISTLEBLOWING<\/strong><\/span><\/a><\/p>\n<p style=\"text-align: justify;\">\u00a0 \u00a0<img decoding=\"async\" src=\"https:\/\/toduba.ultimateweb.it\/wp-content\/uploads\/2024\/01\/pitto-toduba.png\" width=\"33\" height=\"41\" alt=\"\" class=\"wp-image-2238 alignnone size-full\" title=\"\"><a href=\"https:\/\/toduba.whistlelink.com\/\" target=\"_blank\" rel=\"noopener\"><span style=\"color: #666666;\"><strong>LINK ALLA PAGINA<\/strong><\/span><\/a><\/p>\n<p><img decoding=\"async\" src=\"https:\/\/toduba.ultimateweb.it\/wp-content\/uploads\/2023\/10\/book-sito-300x211.png\" width=\"53\" height=\"37\" alt=\"libro conoscenza autorevole sito istitituzionale toduba marketing governance\" class=\"wp-image-1995 size-medium\" title=\"\">\u00a0<span style=\"color: #666666;\"> <a href=\"https:\/\/www.interno.gov.it\/it\/amministrazione-trasparente\/altri-contenuti-prevenzione-corruzione\/segnalazione-illeciti-whistleblowing\" style=\"color: #666666;\" target=\"_blank\" rel=\"noopener\"><strong>LINK AUTOREVOLE<\/strong><\/a><\/span><\/p>\n<p>[\/et_pb_text][et_pb_image src=&#8221;https:\/\/toduba.ultimateweb.it\/wp-content\/uploads\/2024\/01\/attenzione-uomo-europeo-che-grida-nel-megafono-su-sfondo-rosa-1024&#215;683.jpg&#8221; alt=&#8221;whistleblowing toduba app welfare&#8221; title_text=&#8221;whistleblowing toduba app welfare&#8221; _builder_version=&#8221;4.24.2&#8243; _module_preset=&#8221;default&#8221; width=&#8221;100%&#8221; min_height=&#8221;333.2px&#8221; custom_margin=&#8221;9px||8px|||&#8221; custom_padding=&#8221;||0px|||&#8221; hover_enabled=&#8221;0&#8243; border_radii=&#8221;on|30px|30px|30px|30px&#8221; global_colors_info=&#8221;{}&#8221; sticky_enabled=&#8221;0&#8243;][\/et_pb_image][\/et_pb_column][\/et_pb_row][\/et_pb_section]<\/p>","protected":false},"excerpt":{"rendered":"<p>GovernanceCodice Etico Benvenuti nel documento pi\u00f9 importante di Clik App: il nostro Codice Etico. Il Codice Etico esprime gli impegni e le responsabilit\u00e0 etiche nella conduzione degli affari e delle attivit\u00e0 aziendali e definisce l\u2019insieme dei valori e dei principi, nonch\u00e9 le linee di comportamento cui devono attenersi gli amministratori, i dipendenti, i collaboratori e [&hellip;]<\/p>","protected":false},"author":5,"featured_media":0,"parent":0,"menu_order":0,"comment_status":"closed","ping_status":"closed","template":"","meta":{"_et_pb_use_builder":"on","_et_pb_old_content":"","_et_gb_content_width":"","footnotes":""},"_links":{"self":[{"href":"https:\/\/toduba.ultimateweb.it\/en\/wp-json\/wp\/v2\/pages\/1754"}],"collection":[{"href":"https:\/\/toduba.ultimateweb.it\/en\/wp-json\/wp\/v2\/pages"}],"about":[{"href":"https:\/\/toduba.ultimateweb.it\/en\/wp-json\/wp\/v2\/types\/page"}],"author":[{"embeddable":true,"href":"https:\/\/toduba.ultimateweb.it\/en\/wp-json\/wp\/v2\/users\/5"}],"replies":[{"embeddable":true,"href":"https:\/\/toduba.ultimateweb.it\/en\/wp-json\/wp\/v2\/comments?post=1754"}],"version-history":[{"count":0,"href":"https:\/\/toduba.ultimateweb.it\/en\/wp-json\/wp\/v2\/pages\/1754\/revisions"}],"wp:attachment":[{"href":"https:\/\/toduba.ultimateweb.it\/en\/wp-json\/wp\/v2\/media?parent=1754"}],"curies":[{"name":"wp","href":"https:\/\/api.w.org\/{rel}","templated":true}]}}