{"id":1999,"date":"2023-10-30T15:29:52","date_gmt":"2023-10-30T15:29:52","guid":{"rendered":"https:\/\/toduba.ultimateweb.it\/?page_id=1999"},"modified":"2024-06-04T09:39:54","modified_gmt":"2024-06-04T09:39:54","slug":"certificazioni","status":"publish","type":"page","link":"https:\/\/toduba.ultimateweb.it\/en\/certificazioni\/","title":{"rendered":"Certificazioni"},"content":{"rendered":"<p>[et_pb_section fb_built=&#8221;1&#8243; admin_label=&#8221;About&#8221; _builder_version=&#8221;4.21.0&#8243; _module_preset=&#8221;default&#8221; background_color=&#8221;#ecad05&#8243; background_enable_image=&#8221;off&#8221; background_size=&#8221;initial&#8221; background_position=&#8221;top_left&#8221; collapsed=&#8221;on&#8221; global_colors_info=&#8221;{%22gcid-ee37f9db-558a-4c1e-93ad-2fb984fae1ac%22:%91%22background_color%22%93}&#8221;][et_pb_row _builder_version=&#8221;4.21.0&#8243; _module_preset=&#8221;default&#8221; global_colors_info=&#8221;{}&#8221;][et_pb_column type=&#8221;4_4&#8243; _builder_version=&#8221;4.21.0&#8243; _module_preset=&#8221;default&#8221; global_colors_info=&#8221;{}&#8221;][et_pb_text _builder_version=&#8221;4.22.0&#8243; _module_preset=&#8221;9175a560-41c9-46b2-8215-7f1396ab144c&#8221; header_font=&#8221;|700|||||||&#8221; header_text_color=&#8221;#FFFFFF&#8221; header_font_size=&#8221;40px&#8221; header_line_height=&#8221;1.4em&#8221; text_orientation=&#8221;center&#8221; text_text_shadow_style=&#8221;preset5&#8243; global_colors_info=&#8221;{}&#8221;]<\/p>\n<h1 style=\"text-align: center;\"><b>Certificazioni<\/b><\/h1>\n<p>[\/et_pb_text][\/et_pb_column][\/et_pb_row][\/et_pb_section][et_pb_section fb_built=&#8221;1&#8243; admin_label=&#8221;Approach&#8221; _builder_version=&#8221;4.22.0&#8243; _module_preset=&#8221;default&#8221; width=&#8221;100%&#8221; custom_padding=&#8221;||2px|||&#8221; collapsed=&#8221;on&#8221; global_colors_info=&#8221;{}&#8221;][et_pb_row _builder_version=&#8221;4.22.0&#8243; _module_preset=&#8221;default&#8221; min_height=&#8221;1873.3px&#8221; global_colors_info=&#8221;{}&#8221;][et_pb_column type=&#8221;4_4&#8243; _builder_version=&#8221;4.22.0&#8243; _module_preset=&#8221;default&#8221; global_colors_info=&#8221;{}&#8221;][et_pb_text _builder_version=&#8221;4.24.2&#8243; _module_preset=&#8221;default&#8221; text_font_size=&#8221;18px&#8221; text_line_height=&#8221;1.8em&#8221; header_text_color=&#8221;#ac1833&#8243; custom_padding=&#8221;17px|30px|15px|32px|false|false&#8221; hover_enabled=&#8221;0&#8243; border_radii=&#8221;on|30px|30px|30px|30px&#8221; border_width_all=&#8221;2px&#8221; global_colors_info=&#8221;{}&#8221; sticky_enabled=&#8221;0&#8243;]<\/p>\n<p><strong>Clik App<\/strong> <strong>Srl<\/strong> \u00e8 una PMI che con la sua piattaforma <strong>innovativa<\/strong> opera a fianco delle societ\u00e0 di Welfare, digitalizzando il mercato del benessere aziendale e fornendo servizi innovativi, smart e green per la distribuzione e la spesa di qualsiasi Benefit Aziendale<\/p>\n<p><strong>Clik App Srl<\/strong> ha realizzato il proprio Sistema di Gestione conforme agli standard internazionali <strong>ISO 9001, ISO 14001 e ISO 45001<\/strong>, che garantisce efficienza interna e una migliore predisposizione a soddisfare le esigenze dei Clienti, il rispetto dell\u2019ambiente, garantire un livello di sicurezza adeguata e la piena soddisfazione interna dei lavoratori.<\/p>\n<p><strong>Clik App Srl<\/strong> ha deliberato di adottare una politica integrata, in modo tale da indirizzare in maniera univoca la scelta delle strategie e delle attivit\u00e0 conseguenti.<\/p>\n<p>Al fine di mettere in atto e migliorare il sistema di gestione integrato, <strong>Clik App Srl<\/strong> ha analizzato e considerato le variabili del proprio contesto, classificato le parti interessate e le loro esigenze ed ha individuato i rischi strategici e le opportunit\u00e0 di sistema<\/p>\n<p>La Direzione, ha identificato i seguenti obiettivi:<\/p>\n<ol>\n<li><strong>Garantire la remunerativit\u00e0 del capitale investito;<\/strong><strong><\/strong><\/li>\n<li><strong>Prevenire e ridurre gli impatti ambientali della propria attivit\u00e0:<\/strong> attivare un attento controllo dei consumi energetici al fine di cogliere tutte le opportunit\u00e0 per la loro riduzione;<\/li>\n<li><strong>Soddisfazione del cliente:<\/strong> essere a conoscenza delle esigenze dei propri clienti; sviluppare, nell\u2019erogazione dei servizi, competenza ed efficienza; garantire la rispondenza alla normativa cogente;<\/li>\n<li><strong>Garantire il coinvolgimento di tutte funzioni aziendali quali parte integrante del Sistema:<\/strong> divulgare, tramite riunioni informative, i risultati ottenuti ed i punti critici da migliorare, cos\u00ec da aumentare la collaborazione del personale per migliorare costantemente la qualit\u00e0 aziendale e gli aspetti ambientali e di sicurezza; condividere con i propri dipendenti le fasi e la struttura della gestione integrata, per rendere partecipi e informati sulle procedure e benefici portati dall&#8217;attuazione di questo sistema.<\/li>\n<li><strong>Perseguire il continuo miglioramento<\/strong> dei propri processi mediante attivit\u00e0 basate sull\u2019individuazione e sulla misurazione degli stessi.<\/li>\n<li><strong>Analizzare i rischi e le opportunit\u00e0<\/strong> cui l\u2019azienda \u00e8 sottoposta, oltre al mercato in cui opera ed i competitor, in modo tale da gestire al meglio le possibili interferenze e problematiche, prima che le stesse si presentino.<\/li>\n<li><strong>Selezionare i propri fornitori<\/strong> affinch\u00e9 siano in grado di garantire prodotti di qualit\u00e0 elevata, nonch\u00e9 la conformit\u00e0 alle normative cogenti.<\/li>\n<li><strong>Quantificare impegni ed obiettivi da rivedere ogni anno<\/strong> per verificarne il raggiungimento o per valutare le deviazioni e discutere le ragioni per cui si sono realizzate, per attuare le opportune azioni correttive o piani di miglioramento.<\/li>\n<li><strong>Garantire il rispetto agli obblighi di conformit\u00e0<\/strong> ed alle norme internazionali, europee, nazionali e locali, in riferimento alla qualit\u00e0 del servizio erogato, alla tutela dell\u2019ambiente, a quelle relative all\u2019igiene e alla sicurezza dei lavoratori.<\/li>\n<\/ol>\n<p>La Direzione <strong>Clik App Srl<\/strong> si impegna a perseguire gli obiettivi enunciati adottando gli strumenti previsti dal Sistema di Gestione Integrato e nello specifico:<\/p>\n<ol>\n<li><strong>Garantire che la Politica Integrata sia diffusa<\/strong>, compresa ed attuata a tutti i livelli aziendali, a tutti coloro che operano per conto di essa e resa disponibile a tutte le parti interessate.<\/li>\n<li><strong>Utilizzare tecnologie volte al miglioramento continuo della qualit\u00e0 del prodotto\/servizio<\/strong>, della tutela ambientale e della sicurezza;<\/li>\n<li><strong>Comunicare la politica e gli obiettivi del sistema di gestione integrato agli stakeholder<\/strong>;<\/li>\n<li><strong>Formare e sensibilizzare tutto il personale<\/strong> e in particolare i responsabili aziendali nell\u2019attuazione del Sistema di Gestione Integrato, in modo che le linee direttrici di questa politica e gli obiettivi concreti in materia di qualit\u00e0, ambiente, sicurezza e responsabilit\u00e0 sociale siano compresi e recepiti da tutto il personale ai vari livelli<\/li>\n<li><strong>Valutare periodicamente, per mezzo di audit interni, la conformit\u00e0 del Sistema di Gestione Integrato<\/strong> alle norme di riferimento, alla propria politica e a quanto pianificato e programmato; in particolare andando a verificare il raggiungimento degli obiettivi prefissati attraverso i riesami periodici della direzione;<\/li>\n<li><strong>Promuovere il coinvolgimento dei fornitori<\/strong> e attuare sistemi di sensibilizzazione\/monitoraggio al fine di verificare il rispetto dei requisiti di sicurezza e salute dei lavoratori, ambiente e qualit\u00e0.<\/li>\n<\/ol>\n<p>La Direzione Generale, sulla base dei dati forniti dal Responsabile Qualit\u00e0, annualmente riesamina e tiene aggiornati la propria politica, gli obiettivi ed indicatori correlati, per far s\u00ec che questi preservino la loro efficacia. Gli indici necessari al monitoraggio degli obiettivi stabiliti e per la misurazione dei processi aziendali sono definiti e gestiti tramite opportuni indicatori.<\/p>\n<blockquote>\n<p><span style=\"color: #333333;\"><strong><a href=\"https:\/\/toduba.ultimateweb.it\/wp-content\/uploads\/2024\/01\/CERT17333_9001_2015.pdf\" style=\"color: #333333;\" target=\"_blank\" rel=\"noopener\"><img decoding=\"async\" src=\"https:\/\/toduba.ultimateweb.it\/wp-content\/uploads\/2023\/12\/iso-9001-150x150.png\" width=\"112\" height=\"112\" alt=\"iso certificazioni azienda top sicurezza \" class=\"wp-image-2202 size-thumbnail\" title=\"\"> <span>UNI ISO 9001:2015<\/span>\u00a0 \u00a0 \u00a0 \u00a0 <\/a><\/strong><\/span><strong><a href=\"https:\/\/toduba.ultimateweb.it\/wp-content\/uploads\/2024\/01\/CERT17332_14001_2015.pdf\" style=\"color: #333333;\" target=\"_blank\" rel=\"noopener\"><img decoding=\"async\" src=\"https:\/\/toduba.ultimateweb.it\/wp-content\/uploads\/2023\/12\/iso-14001-150x150.png\" width=\"112\" height=\"112\" alt=\"iso certificazioni azienda top sicurezza \" class=\"wp-image-2201 size-thumbnail\" title=\"\"> <span>UNI ISO 14001:2015<\/span><\/a> \u00a0\u00a0 \u00a0\u00a0 \u00a0<\/strong><strong><a href=\"https:\/\/drive.google.com\/file\/d\/1mYGfEhd68hpyWiXWMf1fO_xfqpli5d02\/view?usp=sharing\" style=\"color: #333333;\" target=\"_blank\" rel=\"noopener\">\u00a0<\/a><\/strong><strong><a href=\"https:\/\/toduba.ultimateweb.it\/wp-content\/uploads\/2024\/01\/CERT17331-45K_45001_2018.pdf\" style=\"color: #333333;\" target=\"_blank\" rel=\"noopener\"><img decoding=\"async\" src=\"https:\/\/toduba.ultimateweb.it\/wp-content\/uploads\/2023\/12\/iso-45001-150x150.png\" width=\"112\" height=\"112\" alt=\"iso certificazioni azienda top sicurezza \" class=\"wp-image-2200 size-thumbnail\" title=\"\" srcset=\"https:\/\/toduba.ultimateweb.it\/wp-content\/uploads\/2023\/12\/iso-45001-150x150.png 150w, https:\/\/toduba.ultimateweb.it\/wp-content\/uploads\/2023\/12\/iso-45001-300x300.png 300w, https:\/\/toduba.ultimateweb.it\/wp-content\/uploads\/2023\/12\/iso-45001.png 462w\" sizes=\"(max-width: 112px) 100vw, 112px\" \/> <span>UNI ISO 45001:2018<\/span><\/a><\/strong><\/p>\n<\/blockquote>\n<h2><!-- notionvc: 3a7b93a3-3503-412b-8b7f-7e7e130e5060 --><\/h2>\n<p>[\/et_pb_text][\/et_pb_column][\/et_pb_row][\/et_pb_section]<\/p>","protected":false},"excerpt":{"rendered":"<p>CertificazioniClik App Srl \u00e8 una PMI che con la sua piattaforma innovativa opera a fianco delle societ\u00e0 di Welfare, digitalizzando il mercato del benessere aziendale e fornendo servizi innovativi, smart e green per la distribuzione e la spesa di qualsiasi Benefit Aziendale Clik App Srl ha realizzato il proprio Sistema di Gestione conforme agli standard [&hellip;]<\/p>","protected":false},"author":5,"featured_media":0,"parent":0,"menu_order":0,"comment_status":"closed","ping_status":"closed","template":"","meta":{"_et_pb_use_builder":"on","_et_pb_old_content":"","_et_gb_content_width":"","footnotes":""},"_links":{"self":[{"href":"https:\/\/toduba.ultimateweb.it\/en\/wp-json\/wp\/v2\/pages\/1999"}],"collection":[{"href":"https:\/\/toduba.ultimateweb.it\/en\/wp-json\/wp\/v2\/pages"}],"about":[{"href":"https:\/\/toduba.ultimateweb.it\/en\/wp-json\/wp\/v2\/types\/page"}],"author":[{"embeddable":true,"href":"https:\/\/toduba.ultimateweb.it\/en\/wp-json\/wp\/v2\/users\/5"}],"replies":[{"embeddable":true,"href":"https:\/\/toduba.ultimateweb.it\/en\/wp-json\/wp\/v2\/comments?post=1999"}],"version-history":[{"count":0,"href":"https:\/\/toduba.ultimateweb.it\/en\/wp-json\/wp\/v2\/pages\/1999\/revisions"}],"wp:attachment":[{"href":"https:\/\/toduba.ultimateweb.it\/en\/wp-json\/wp\/v2\/media?parent=1999"}],"curies":[{"name":"wp","href":"https:\/\/api.w.org\/{rel}","templated":true}]}}