{"id":425,"date":"2023-07-07T16:08:58","date_gmt":"2023-07-07T16:08:58","guid":{"rendered":"https:\/\/toduba.ultimateweb.it\/?page_id=425"},"modified":"2024-03-01T09:20:34","modified_gmt":"2024-03-01T09:20:34","slug":"chi-siamo-about-us","status":"publish","type":"page","link":"https:\/\/toduba.ultimateweb.it\/en\/chi-siamo-about-us\/","title":{"rendered":"Chi siamo"},"content":{"rendered":"<p>[et_pb_section fb_built=&#8221;1&#8243; admin_label=&#8221;About&#8221; _builder_version=&#8221;4.21.0&#8243; _module_preset=&#8221;default&#8221; background_color=&#8221;#ecad05&#8243; background_enable_image=&#8221;off&#8221; background_size=&#8221;initial&#8221; background_position=&#8221;top_left&#8221; collapsed=&#8221;on&#8221; global_colors_info=&#8221;{%22gcid-ee37f9db-558a-4c1e-93ad-2fb984fae1ac%22:%91%22background_color%22%93}&#8221;][et_pb_row _builder_version=&#8221;4.21.0&#8243; _module_preset=&#8221;default&#8221; global_colors_info=&#8221;{}&#8221;][et_pb_column type=&#8221;4_4&#8243; _builder_version=&#8221;4.21.0&#8243; _module_preset=&#8221;default&#8221; global_colors_info=&#8221;{}&#8221;][et_pb_text _builder_version=&#8221;4.22.0&#8243; _module_preset=&#8221;9175a560-41c9-46b2-8215-7f1396ab144c&#8221; header_font=&#8221;|700|||||||&#8221; header_text_color=&#8221;#FFFFFF&#8221; header_font_size=&#8221;40px&#8221; header_line_height=&#8221;1.4em&#8221; text_orientation=&#8221;center&#8221; text_text_shadow_style=&#8221;preset5&#8243; global_colors_info=&#8221;{}&#8221;]<\/p>\n<h1>Toduba &#8211; il Welfare facile, comodo, sicuro!<\/h1>\n<p>[\/et_pb_text][\/et_pb_column][\/et_pb_row][\/et_pb_section][et_pb_section fb_built=&#8221;1&#8243; admin_label=&#8221;Approach&#8221; _builder_version=&#8221;4.20.0&#8243; _module_preset=&#8221;default&#8221; width=&#8221;100%&#8221; collapsed=&#8221;on&#8221; global_colors_info=&#8221;{}&#8221;][et_pb_row _builder_version=&#8221;4.21.0&#8243; _module_preset=&#8221;default&#8221; global_colors_info=&#8221;{}&#8221;][et_pb_column type=&#8221;4_4&#8243; _builder_version=&#8221;4.21.0&#8243; _module_preset=&#8221;default&#8221; global_colors_info=&#8221;{}&#8221;][et_pb_text _builder_version=&#8221;4.22.0&#8243; _module_preset=&#8221;default&#8221; header_font=&#8221;|700||on|||||&#8221; header_text_color=&#8221;#c63c3c&#8221; header_font_size=&#8221;42px&#8221; header_line_height=&#8221;1.5em&#8221; locked=&#8221;off&#8221; global_colors_info=&#8221;{}&#8221;]<\/p>\n<h1>About<\/h1>\n<p>[\/et_pb_text][et_pb_divider color=&#8221;rgba(0,0,0,0.2)&#8221; divider_position=&#8221;center&#8221; divider_weight=&#8221;2px&#8221; _builder_version=&#8221;4.21.0&#8243; _module_preset=&#8221;default&#8221; custom_margin=&#8221;|-24%|||false|false&#8221; custom_margin_tablet=&#8221;|0%|||false|false&#8221; custom_margin_phone=&#8221;|0%|||false|false&#8221; custom_margin_last_edited=&#8221;on|desktop&#8221; global_colors_info=&#8221;{}&#8221;][\/et_pb_divider][\/et_pb_column][\/et_pb_row][et_pb_row column_structure=&#8221;1_2,1_2&#8243; _builder_version=&#8221;4.22.0&#8243; _module_preset=&#8221;default&#8221; custom_margin=&#8221;||0px||false|false&#8221; custom_margin_tablet=&#8221;||0px||false|false&#8221; custom_margin_phone=&#8221;||0px||false|false&#8221; custom_margin_last_edited=&#8221;on|phone&#8221; global_colors_info=&#8221;{}&#8221;][et_pb_column type=&#8221;1_2&#8243; _builder_version=&#8221;4.20.0&#8243; _module_preset=&#8221;default&#8221; global_colors_info=&#8221;{}&#8221;][et_pb_text _builder_version=&#8221;4.21.0&#8243; _module_preset=&#8221;942dc55a-bf3e-4476-ae56-c8e0b1685ed0&#8243; text_font=&#8221;Montserrat||||||||&#8221; header_3_font=&#8221;Montserrat||||||||&#8221; header_4_font=&#8221;Montserrat|700||on|||||&#8221; locked=&#8221;off&#8221; global_colors_info=&#8221;{}&#8221;]<\/p>\n<h3><em>START<\/em><strong>APP<\/strong><\/h3>\n<p>[\/et_pb_text][et_pb_image src=&#8221;https:\/\/toduba.ultimateweb.it\/wp-content\/uploads\/2023\/07\/ft_int_18.jpg&#8221; title_text=&#8221;ft_int_18&#8243; admin_label=&#8221;app mobile card in white label opzioni welfare &#8221; _builder_version=&#8221;4.22.0&#8243; _module_preset=&#8221;default&#8221; background_enable_image=&#8221;off&#8221; custom_margin=&#8221;-40px||||false|false&#8221; custom_margin_tablet=&#8221;-40px||||false|false&#8221; custom_margin_phone=&#8221;-40px||||false|false&#8221; custom_margin_last_edited=&#8221;on|phone&#8221; global_colors_info=&#8221;{}&#8221;][\/et_pb_image][\/et_pb_column][et_pb_column type=&#8221;1_2&#8243; _builder_version=&#8221;4.20.0&#8243; _module_preset=&#8221;default&#8221; global_colors_info=&#8221;{}&#8221;][et_pb_text content_tablet=&#8221;<\/p>\n<p><strong>Toduba nasce nel 2017<\/strong> da un\u2019idea di Gianluca Enrietti e Bruno Cavigioli.<\/p>\n<p>\u00c8 una ex- startup innovativa divenuta oggi PMI innovativa, e <strong>ha nel suo DNA il valore dell\u2019innovazione, dell\u2019immaginazione, della visione a lungo termine.<\/strong><\/p>\n<p>A distanza di poco pi\u00f9 di 5 anni, possiamo affermare che Toduba ha consolidato molti risultati, diventando sempre pi\u00f9 strutturata ed efficiente:<br \/>ha saputo creare <strong>un modello tailor &#8211; made<\/strong> per l\u2019emissione sia di Buoni Pasto che di Benefit secondo le attuali normative.<\/p>\n<p>Toduba infatti <strong>trasforma il mondo del Welfare rendendolo un modello virtuoso e vantaggioso sia per l\u2019Azienda che per chi ne usufruisce.<\/strong><\/p>\n<p>Inoltre, questo modello di piattaforma \u00e8 oggi esportabile e personalizzabile per ogni esigenza Aziendale. L\u2019app Toduba \u00e8 <strong>presente e attiva su tutto il territorio italiano<\/strong>, con decine di migliaia di punti vendita online (Brand e-commerce, Gift Card) e offline (esercizi commerciali presenti sul territorio).<\/p>\n<p>&#8221; content_phone=&#8221;<\/p>\n<p><strong>Toduba nasce nel 2017<\/strong> da un\u2019idea di Gianluca Enrietti e Bruno Cavigioli.<\/p>\n<p>\u00c8 una ex- startup innovativa divenuta oggi PMI innovativa, e <strong>ha nel suo DNA il valore dell\u2019innovazione, dell\u2019immaginazione, della visione a lungo termine.<\/strong><\/p>\n<p>A distanza di poco pi\u00f9 di 5 anni, possiamo affermare che Toduba ha consolidato molti risultati, diventando sempre pi\u00f9 strutturata ed efficiente:<br \/>ha saputo creare <strong>un modello tailor &#8211; made<\/strong> per l\u2019emissione sia di Buoni Pasto che di Benefit secondo le attuali normative.<\/p>\n<p>Toduba infatti <strong>trasforma il mondo del Welfare rendendolo un modello virtuoso e vantaggioso sia per l\u2019Azienda che per chi ne usufruisce.<\/strong><\/p>\n<p>Inoltre, questo modello di piattaforma \u00e8 oggi esportabile e personalizzabile per ogni esigenza Aziendale. L\u2019app Toduba \u00e8 <strong>presente e attiva su tutto il territorio italiano<\/strong>, con decine di migliaia di punti vendita online (Brand e-commerce, Gift Card) e offline (esercizi commerciali presenti sul territorio).<\/p>\n<p>&#8221; content_last_edited=&#8221;on|phone&#8221; _builder_version=&#8221;4.22.0&#8243; _module_preset=&#8221;bb030767-3a56-435f-abb0-827ba8499ac3&#8243; text_font=&#8221;|500|||||||&#8221; transform_translate=&#8221;0px|94px&#8221; min_height=&#8221;347.9px&#8221; custom_margin=&#8221;-76px||15px||false|false&#8221; custom_padding=&#8221;4px||||false|false&#8221; global_colors_info=&#8221;{}&#8221;]<\/p>\n<p><strong>Toduba nasce nel 2017<\/strong> da un\u2019idea di Gianluca Enrietti e Bruno Cavigioli.<\/p>\n<p>\u00c8 una ex- startup innovativa divenuta oggi PMI innovativa, e <strong>ha nel suo DNA il valore dell\u2019innovazione, dell\u2019immaginazione, della visione a lungo termine.<\/strong><\/p>\n<p>A distanza di poco pi\u00f9 di 5 anni, possiamo affermare che Toduba ha consolidato molti risultati, diventando sempre pi\u00f9 strutturata ed efficiente:<br \/>ha saputo creare <strong>un modello tailor &#8211; made<\/strong> per l\u2019emissione sia di Buoni Pasto che di Benefit secondo le attuali normative.<\/p>\n<p>Toduba infatti <strong>trasforma il mondo del Welfare rendendolo un modello virtuoso e vantaggioso sia per l\u2019Azienda che per chi ne usufruisce.<\/strong><\/p>\n<p>Inoltre, questo modello di piattaforma \u00e8 oggi esportabile e personalizzabile per ogni esigenza Aziendale. L\u2019app Toduba \u00e8 <strong>presente e attiva su tutto il territorio italiano<\/strong>, con decine di migliaia di punti vendita online (Brand e-commerce, Gift Card) e offline (esercizi commerciali presenti sul territorio).<\/p>\n<p>[\/et_pb_text][\/et_pb_column][\/et_pb_row][\/et_pb_section][et_pb_section fb_built=&#8221;1&#8243; specialty=&#8221;on&#8221; admin_label=&#8221;Timeline&#8221; _builder_version=&#8221;4.22.0&#8243; background_color=&#8221;#f5f4f2&#8243; custom_margin=&#8221;62px||||false|false&#8221; background_last_edited=&#8221;on|phone&#8221; locked=&#8221;off&#8221; global_colors_info=&#8221;{}&#8221;][et_pb_column type=&#8221;1_3&#8243; _builder_version=&#8221;4.16&#8243; custom_padding=&#8221;|||&#8221; global_colors_info=&#8221;{}&#8221; custom_padding__hover=&#8221;|||&#8221;][et_pb_text _builder_version=&#8221;4.21.0&#8243; _module_preset=&#8221;942dc55a-bf3e-4476-ae56-c8e0b1685ed0&#8243; text_font=&#8221;Montserrat||||||||&#8221; header_3_font=&#8221;Montserrat||||||||&#8221; header_4_font=&#8221;Montserrat|700||on|||||&#8221; locked=&#8221;off&#8221; global_colors_info=&#8221;{}&#8221;]<\/p>\n<h3><strong>APP<\/strong><em>NAME<\/em><\/h3>\n<p>[\/et_pb_text][et_pb_text _builder_version=&#8221;4.22.0&#8243; _module_preset=&#8221;default&#8221; header_font=&#8221;|700||on|||||&#8221; header_text_color=&#8221;#C63C3C&#8221; header_font_size=&#8221;42px&#8221; header_line_height=&#8221;1.5em&#8221; locked=&#8221;off&#8221; global_colors_info=&#8221;{}&#8221;]<\/p>\n<h1>Toduba<\/h1>\n<p>[\/et_pb_text][et_pb_text _builder_version=&#8221;4.22.0&#8243; _module_preset=&#8221;default&#8221; text_font_size=&#8221;16px&#8221; global_colors_info=&#8221;{}&#8221;]<\/p>\n<p>Resta da chiarire l\u2019origine del nome:<\/p>\n<p><strong>Toduba \u00e8 un neologismo coniato ad hoc<\/strong>, che racchiude in s\u00e9 i concetti fondanti della sua Mission Aziendale.<\/p>\n<p>[\/et_pb_text][\/et_pb_column][et_pb_column type=&#8221;2_3&#8243; specialty_columns=&#8221;2&#8243; _builder_version=&#8221;4.16&#8243; custom_padding=&#8221;|||&#8221; global_colors_info=&#8221;{}&#8221; custom_padding__hover=&#8221;|||&#8221;][et_pb_row_inner _builder_version=&#8221;4.21.0&#8243; custom_padding=&#8221;|||30px|false|false&#8221; border_color_all=&#8221;#ecad05&#8243; border_width_left=&#8221;2px&#8221; global_colors_info=&#8221;{}&#8221;][et_pb_column_inner saved_specialty_column_type=&#8221;2_3&#8243; _builder_version=&#8221;4.16&#8243; global_colors_info=&#8221;{}&#8221;][et_pb_blurb title=&#8221;TO&#8221; use_icon=&#8221;on&#8221; font_icon=&#8221;&#x5e;||divi||400&#8243; icon_color=&#8221;#ecad05&#8243; icon_placement=&#8221;left&#8221; image_icon_width=&#8221;40px&#8221; content_max_width=&#8221;100%&#8221; _builder_version=&#8221;4.22.0&#8243; header_level=&#8221;h1&#8243; header_font=&#8221;|||on|||||&#8221; header_text_color=&#8221;#ecad05&#8243; header_font_size=&#8221;50px&#8221; header_line_height=&#8221;1.4em&#8221; body_font=&#8221;||||||||&#8221; body_text_color=&#8221;#000000&#8243; body_font_size=&#8221;20px&#8221; body_line_height=&#8221;1.8em&#8221; custom_margin=&#8221;|||-51px|false|false&#8221; body_font_size_tablet=&#8221;18px&#8221; body_font_size_phone=&#8221;16px&#8221; body_font_size_last_edited=&#8221;on|phone&#8221; icon_font_size=&#8221;40px&#8221; locked=&#8221;off&#8221; global_colors_info=&#8221;{}&#8221;]<\/p>\n<p>fa riferimento a <strong>Torino<\/strong>, la citt\u00e0 in cui \u00e8 nata Toduba.<\/p>\n<p>Una citt\u00e0 viva, in grande fermento. \u2028Da sempre qui nascono grandi innovazioni, come Toduba!<\/p>\n<p>[\/et_pb_blurb][et_pb_blurb title=&#8221;DU&#8221; use_icon=&#8221;on&#8221; font_icon=&#8221;&#x5e;||divi||400&#8243; icon_color=&#8221;#1b6832&#8243; icon_placement=&#8221;left&#8221; image_icon_width=&#8221;40px&#8221; content_max_width=&#8221;100%&#8221; _builder_version=&#8221;4.22.0&#8243; header_level=&#8221;h1&#8243; header_font=&#8221;|||on|||||&#8221; header_text_color=&#8221;#1b6832&#8243; header_font_size=&#8221;50px&#8221; header_line_height=&#8221;1.4em&#8221; body_font=&#8221;||||||||&#8221; body_text_color=&#8221;#000000&#8243; body_font_size=&#8221;20px&#8221; body_line_height=&#8221;1.8em&#8221; custom_margin=&#8221;|||-51px|false|false&#8221; body_font_size_tablet=&#8221;18px&#8221; body_font_size_phone=&#8221;16px&#8221; body_font_size_last_edited=&#8221;on|phone&#8221; icon_font_size=&#8221;40px&#8221; locked=&#8221;off&#8221; global_colors_info=&#8221;{}&#8221;]<\/p>\n<p>la pronuncia dell\u2019inglese <strong>\u201cDO\u201d = FARE<\/strong>.<\/p>\n<p>Le startup nascono da una visione, da un\u2019idea rivoluzionaria che deve per\u00f2 poter sempre concretizzarsi in qualcosa di tangibile e reale.<\/p>\n<p>[\/et_pb_blurb][et_pb_blurb title=&#8221;BA&#8221; use_icon=&#8221;on&#8221; font_icon=&#8221;&#x5e;||divi||400&#8243; icon_color=&#8221;#C63C3C&#8221; icon_placement=&#8221;left&#8221; image_icon_width=&#8221;40px&#8221; content_max_width=&#8221;100%&#8221; _builder_version=&#8221;4.22.0&#8243; header_level=&#8221;h1&#8243; header_font=&#8221;|||on|||||&#8221; header_text_color=&#8221;#C63C3C&#8221; header_font_size=&#8221;50px&#8221; header_line_height=&#8221;1.4em&#8221; body_font=&#8221;||||||||&#8221; body_text_color=&#8221;#000000&#8243; body_font_size=&#8221;20px&#8221; body_line_height=&#8221;1.8em&#8221; custom_margin=&#8221;|||-51px|false|false&#8221; body_font_size_tablet=&#8221;18px&#8221; body_font_size_phone=&#8221;16px&#8221; body_font_size_last_edited=&#8221;on|phone&#8221; icon_font_size=&#8221;40px&#8221; locked=&#8221;off&#8221; global_colors_info=&#8221;{}&#8221;]<\/p>\n<p>sono i <strong>BUONI ACQUISTO<\/strong>, ovvero le prime soluzioni offerte dall\u2019Azienda.<\/p>\n<p>L\u2019obiettivo \u00e8 dare grande importanza ai circuiti di spesa e ad una spendibilit\u00e0 libera senza vincoli e limitazioni, consentendo alle persone di fare i loro acquisti in serenit\u00e0 e in modo <strong>facile &#8211; comodo &#8211; sicuro<\/strong>!<\/p>\n<p>[\/et_pb_blurb][\/et_pb_column_inner][\/et_pb_row_inner][\/et_pb_column][\/et_pb_section][et_pb_section fb_built=&#8221;1&#8243; admin_label=&#8221;CTA&#8221; _builder_version=&#8221;4.22.0&#8243; _module_preset=&#8221;default&#8221; background_image=&#8221;https:\/\/toduba.ultimateweb.it\/wp-content\/uploads\/2023\/07\/ft_int_19.jpg&#8221; background_size=&#8221;contain&#8221; background_position=&#8221;bottom_center&#8221; background_vertical_offset=&#8221;0%&#8221; custom_margin=&#8221;||-3px||false|false&#8221; custom_padding=&#8221;4%||15%||false|false&#8221; background_last_edited=&#8221;on|phone&#8221; background_image_phone=&#8221;https:\/\/toduba.ultimateweb.it\/wp-content\/uploads\/2023\/09\/slider_toduba-edited-manu-per-mobile-1.jpg&#8221; background_enable_image_phone=&#8221;on&#8221; collapsed=&#8221;on&#8221; global_colors_info=&#8221;{}&#8221;][et_pb_row _builder_version=&#8221;4.22.0&#8243; _module_preset=&#8221;default&#8221; custom_margin_tablet=&#8221;&#8221; custom_margin_phone=&#8221;-9px||0px||false|false&#8221; custom_margin_last_edited=&#8221;on|phone&#8221; custom_padding=&#8221;||2px||false|false&#8221; global_colors_info=&#8221;{}&#8221;][et_pb_column type=&#8221;4_4&#8243; _builder_version=&#8221;4.20.0&#8243; _module_preset=&#8221;default&#8221; global_colors_info=&#8221;{}&#8221;][et_pb_image src=&#8221;https:\/\/toduba.ultimateweb.it\/wp-content\/uploads\/2023\/10\/banner-PON.jpg&#8221; title_text=&#8221;banner PON&#8221; src_tablet=&#8221;https:\/\/toduba.ultimateweb.it\/wp-content\/uploads\/2023\/10\/banner-PON.jpg&#8221; src_phone=&#8221;https:\/\/toduba.ultimateweb.it\/wp-content\/uploads\/2023\/10\/banner-PON.jpg&#8221; src_last_edited=&#8221;on|phone&#8221; _builder_version=&#8221;4.22.0&#8243; _module_preset=&#8221;default&#8221; custom_margin=&#8221;-61px|||||&#8221; global_colors_info=&#8221;{}&#8221;][\/et_pb_image][et_pb_text content_tablet=&#8221;<\/p>\n<h4><span style=\"%22color:\" #ecad05; font-size: 60px;%22>\u201d<\/span>Oggi <strong><span style=\"%22color:\" #ecad05; font-size: 24px;%22>Toduba <\/span><\/strong>non \u00e8 solo un marchio: <strong><span style=\"%22color:\" #ecad05; font-size: 24px;%22>\u00e8 un sentimento, \u00e8 una vision <\/span><\/strong> che vede il Welfare Aziendale come una reale opportunit\u00e0 di benessere per chi ne usufruisce, <strong><span style=\"%22color:\" #ecad05; font-size: 24px;%22>un abito su misura <\/span><\/strong><span style=\"%22color:\" #ecad05; font-size: 60px;%22>\u201e<\/span><\/h4>\n<p>&#8221; content_phone=&#8221;<\/p>\n<p><strong><span style=\"%22color:\" #ecad05; font-size: 24px;%22>%22 <\/span><\/strong> Oggi <strong><span style=\"%22color:\" #ecad05; font-size: 24px;%22>Toduba <\/span><\/strong>non \u00e8 solo un marchio: <strong><span style=\"%22color:\" #ecad05; font-size: 24px;%22>\u00e8 un sentimento, \u00e8 una vision <\/span><\/strong> che vede il Welfare Aziendale come una reale opportunit\u00e0 di benessere per chi ne usufruisce, <strong><span style=\"%22color:\" #ecad05; font-size: 24px;%22>un abito su misura <\/span><strong><span style=\"%22color:\" #ecad05; font-size: 24px;%22>%22 <\/span><\/strong><\/strong><\/p>\n<p>&#8221; content_last_edited=&#8221;on|phone&#8221; _builder_version=&#8221;4.22.0&#8243; _module_preset=&#8221;45f1faa4-840e-4bb6-8b48-a37e6d2f162e&#8221; header_2_font=&#8221;|500|||||||&#8221; header_2_font_size=&#8221;24px&#8221; header_2_line_height=&#8221;1.4em&#8221; background_enable_color=&#8221;off&#8221; custom_margin=&#8221;-21px||4px||false|false&#8221; custom_padding=&#8221;36px|20px|36px|20px|true|true&#8221; global_colors_info=&#8221;{}&#8221;]<\/p>\n<h4><span style=\"color: #ecad05; font-size: 60px;\">\u201d<\/span>Oggi <strong><span style=\"color: #ecad05; font-size: 24px;\">Toduba <\/span><\/strong>non \u00e8 solo un marchio: <strong><span style=\"color: #ecad05; font-size: 24px;\">\u00e8 un sentimento, \u00e8 una vision <\/span><\/strong> che vede il Welfare Aziendale come una reale opportunit\u00e0 di benessere per chi ne usufruisce, <strong><span style=\"color: #ecad05; font-size: 24px;\">un abito su misura <\/span><\/strong><span style=\"color: #ecad05; font-size: 60px;\">\u201e<\/span><\/h4>\n<p>[\/et_pb_text][\/et_pb_column][\/et_pb_row][et_pb_row column_structure=&#8221;1_3,1_3,1_3&#8243; _builder_version=&#8221;4.23.4&#8243; _module_preset=&#8221;default&#8221; min_height=&#8221;232px&#8221; custom_margin=&#8221;-32px|auto||auto||&#8221; global_colors_info=&#8221;{}&#8221;][et_pb_column type=&#8221;1_3&#8243; _builder_version=&#8221;4.23.4&#8243; _module_preset=&#8221;default&#8221; global_colors_info=&#8221;{}&#8221;][\/et_pb_column][et_pb_column type=&#8221;1_3&#8243; _builder_version=&#8221;4.23.4&#8243; _module_preset=&#8221;default&#8221; global_colors_info=&#8221;{}&#8221;][\/et_pb_column][et_pb_column type=&#8221;1_3&#8243; _builder_version=&#8221;4.23.4&#8243; _module_preset=&#8221;default&#8221; global_colors_info=&#8221;{}&#8221;][\/et_pb_column][\/et_pb_row][\/et_pb_section]<\/p>","protected":false},"excerpt":{"rendered":"<p>Toduba &#8211; il Welfare facile, comodo, sicuro!AboutSTARTAPPToduba nasce nel 2017 da un\u2019idea di Gianluca Enrietti e Bruno Cavigioli. \u00c8 una ex- startup innovativa divenuta oggi PMI innovativa, e ha nel suo DNA il valore dell\u2019innovazione, dell\u2019immaginazione, della visione a lungo termine. A distanza di poco pi\u00f9 di 5 anni, possiamo affermare che Toduba ha consolidato [&hellip;]<\/p>","protected":false},"author":2,"featured_media":0,"parent":0,"menu_order":0,"comment_status":"closed","ping_status":"closed","template":"","meta":{"_et_pb_use_builder":"on","_et_pb_old_content":"","_et_gb_content_width":"","footnotes":""},"_links":{"self":[{"href":"https:\/\/toduba.ultimateweb.it\/en\/wp-json\/wp\/v2\/pages\/425"}],"collection":[{"href":"https:\/\/toduba.ultimateweb.it\/en\/wp-json\/wp\/v2\/pages"}],"about":[{"href":"https:\/\/toduba.ultimateweb.it\/en\/wp-json\/wp\/v2\/types\/page"}],"author":[{"embeddable":true,"href":"https:\/\/toduba.ultimateweb.it\/en\/wp-json\/wp\/v2\/users\/2"}],"replies":[{"embeddable":true,"href":"https:\/\/toduba.ultimateweb.it\/en\/wp-json\/wp\/v2\/comments?post=425"}],"version-history":[{"count":0,"href":"https:\/\/toduba.ultimateweb.it\/en\/wp-json\/wp\/v2\/pages\/425\/revisions"}],"wp:attachment":[{"href":"https:\/\/toduba.ultimateweb.it\/en\/wp-json\/wp\/v2\/media?parent=425"}],"curies":[{"name":"wp","href":"https:\/\/api.w.org\/{rel}","templated":true}]}}